{"id":23,"date":"2023-01-11T15:26:42","date_gmt":"2023-01-11T15:26:42","guid":{"rendered":"http:\/\/mediationmineau.ca\/?page_id=23"},"modified":"2023-02-24T14:58:18","modified_gmt":"2023-02-24T14:58:18","slug":"mediation","status":"publish","type":"page","link":"http:\/\/mediationmineau.ca\/fr\/mediation\/","title":{"rendered":"M\u00e9diation de conflits"},"content":{"rendered":"<div style=\"height:24px\" aria-hidden=\"true\" class=\"wp-block-spacer\"><\/div>\n\n\n\n<p><a href=\"https:\/\/mediationmineau.ca\/fr\/contact\/\" data-type=\"page\" data-id=\"159\">Contactez M\u00e9diation Mineau<\/a> pour une \u00e9valuation initiale gratuite de votre situation conflictuelle. Selon votre cas, M\u00e9diation Mineau peut vous fournir un ou une \u00e9quipe de m\u00e9diateurs accr\u00e9dit\u00e9s. Tous les m\u00e9diateurs sont bilingues et proviennent de divers milieux.<br><br>La m\u00e9diation est un outil utile et sous-utilis\u00e9 pour r\u00e9soudre nos conflits. Elle permet d'\u00e9viter les co\u00fbts, les retards, l'incertitude et le stress associ\u00e9s aux avocats et aux litiges. Contrairement \u00e0 un tribunal, le m\u00e9diateur n'est pas l\u00e0 pour prendre des d\u00e9cisions \u00e0 votre place; c'est donc vous qui, avec l'aide du m\u00e9diateur, trouverez une solution qui satisfait tous les partis, et ce sera vous m\u00eames qui, au besoin \u00e9tablirez des contrats et des accords priv\u00e9s entre individus.  De plus, la m\u00e9diation est compl\u00e8tement confidentielle, contrairement \u00e0 la cour de justice ou tout est public, enregistr\u00e9 et publi\u00e9 ouvertement.<br><br>Lorsque vous engagez M\u00e9diation Mineau, nous commen\u00e7ons par des consultations individuelles avec votre m\u00e9diateur. Au cours de ces pr\u00e9-m\u00e9diations confidentielles, le d\u00e9roulement de la m\u00e9diation vous sera clairement expliqu\u00e9.  Vous aurez l'occasion de discuter de votre conflit, et votre m\u00e9diateur vous parlera de conseils pour bien se faire comprendre au cours de la m\u00e9diation proprement dite.   <br><br>Lorsque les parties sont pr\u00eates, le m\u00e9diateur guidera une conversation qui aidera les parties \u00e0 mieux comprendre les besoins, les soucis et les menaces v\u00e9cues par l'autre.\u00a0 En prenant le contr\u00f4le du conflit de cette mani\u00e8re, vous pourrez trouver des solutions plus efficaces, plus durables et mutuellement acceptables.<br><br>Nos m\u00e9diateurs se basent sur le model <em>insight<\/em> d\u00e9velopp\u00e9 \u00e0 l'Universit\u00e9 de Carleton \u00e0 Ottawa, au Canada.\u00a0\u00a0<br><br>Veuillez <a href=\"https:\/\/mediationmineau.ca\/fr\/contact\/\" data-type=\"page\" data-id=\"159\">nous joindre<\/a> to start your free evaluation.<\/p>\n\n\n\n<div style=\"height:47px\" aria-hidden=\"true\" class=\"wp-block-spacer\"><\/div>","protected":false},"excerpt":{"rendered":"<p>Contact Mediation Mineau for a free initial assessment of your conflict situation. Depending on your circumstance, Mediation Mineau can provide you with either one, or a team of accredited mediators. All mediators are bilingual and from a variety of backgrounds. Conflict mediation is a useful and under-used conflict resolution tool. It helps to avoid the [&hellip;]<\/p>\n","protected":false},"author":1,"featured_media":0,"parent":0,"menu_order":1,"comment_status":"closed","ping_status":"closed","template":"","meta":{"footnotes":""},"class_list":["post-23","page","type-page","status-publish","hentry"],"_links":{"self":[{"href":"http:\/\/mediationmineau.ca\/fr\/wp-json\/wp\/v2\/pages\/23","targetHints":{"allow":["GET"]}}],"collection":[{"href":"http:\/\/mediationmineau.ca\/fr\/wp-json\/wp\/v2\/pages"}],"about":[{"href":"http:\/\/mediationmineau.ca\/fr\/wp-json\/wp\/v2\/types\/page"}],"author":[{"embeddable":true,"href":"http:\/\/mediationmineau.ca\/fr\/wp-json\/wp\/v2\/users\/1"}],"replies":[{"embeddable":true,"href":"http:\/\/mediationmineau.ca\/fr\/wp-json\/wp\/v2\/comments?post=23"}],"version-history":[{"count":13,"href":"http:\/\/mediationmineau.ca\/fr\/wp-json\/wp\/v2\/pages\/23\/revisions"}],"predecessor-version":[{"id":327,"href":"http:\/\/mediationmineau.ca\/fr\/wp-json\/wp\/v2\/pages\/23\/revisions\/327"}],"wp:attachment":[{"href":"http:\/\/mediationmineau.ca\/fr\/wp-json\/wp\/v2\/media?parent=23"}],"curies":[{"name":"wp","href":"https:\/\/api.w.org\/{rel}","templated":true}]}}