{"id":107,"date":"2023-01-12T00:54:46","date_gmt":"2023-01-12T00:54:46","guid":{"rendered":"http:\/\/mediationmineau.ca\/?page_id=107"},"modified":"2023-02-04T16:43:52","modified_gmt":"2023-02-04T16:43:52","slug":"home","status":"publish","type":"page","link":"https:\/\/mediationmineau.ca\/fr\/","title":{"rendered":"Acceuil"},"content":{"rendered":"<div class=\"wp-block-columns is-layout-flex wp-container-core-columns-is-layout-28f84493 wp-block-columns-is-layout-flex\">\n<div class=\"wp-block-column is-layout-flow wp-block-column-is-layout-flow\" style=\"flex-basis:66.66%\">\n<h3 class=\"wp-block-heading\">La m\u00e9diation : un outil important pour r\u00e9soudre les conflits<\/h3>\n\n\n\n<p>Le conflit fait partie de la vie: parfois nous pouvons le r\u00e9soudre par nous-m\u00eames, d'autres fois non.  S'il est mal g\u00e9r\u00e9, il engendre des difficult\u00e9s et du stress.  Un litige y ajoute des co\u00fbts suppl\u00e9mentaires, de longs d\u00e9lais et l'incertitude d'une d\u00e9cision en justice.  <br><br>La m\u00e9diation accro\u00eet votre niveau de contr\u00f4le dans la gestion de votre conflit: le processus est expliqu\u00e9 et transparent, et le m\u00e9diateur est un tiers neutre qui ne peut ni prendre ni imposer de d\u00e9cisions.  Toute r\u00e9solution sera le fruit d'une conversation productive suivie d'un accord entre les parties.  Vous pouvez en lire plus <a href=\"https:\/\/mediationmineau.ca\/fr\/mediation\/\" data-type=\"page\" data-id=\"23\">\u00e0 la page suivante<\/a>.<br><br>Nos m\u00e9diations m\u00e8nent presque toujours \u00e0 une r\u00e9solution.  L'\u00e9quipe de m\u00e9diateurs de M\u00e9diation Mineau cumule plusieurs dizaines d'ann\u00e9es d'exp\u00e9rience dans la r\u00e9solution de conflits familiaux, entre voisins, en milieu de travail et dans les communaut\u00e9s.<\/p>\n<\/div>\n\n\n\n<div class=\"wp-block-column is-layout-flow wp-block-column-is-layout-flow\" style=\"flex-basis:33.33%\">\n<h3 class=\"has-text-align-right wp-block-heading\">Nos Services<\/h3>\n\n\n\n<p class=\"has-text-align-right has-large-font-size\"><a href=\"http:\/\/mediationmineau.ca\/fr\/mediation\/\" data-type=\"page\" data-id=\"23\">M\u00e9diation de conflits<\/a><\/p>\n\n\n\n<p class=\"has-text-align-right has-large-font-size\"><a href=\"http:\/\/mediationmineau.ca\/fr\/facilitation\/\" data-type=\"page\" data-id=\"25\">Facilitation de groupe<\/a><\/p>\n\n\n\n<p class=\"has-text-align-right has-large-font-size\"><a href=\"http:\/\/mediationmineau.ca\/fr\/training\/\" data-type=\"page\" data-id=\"29\">Formations et coaching<\/a><\/p>\n\n\n\n<div style=\"height:23px\" aria-hidden=\"true\" class=\"wp-block-spacer\"><\/div>\n\n\n\n<p class=\"has-text-align-right has-large-font-size\"><a href=\"https:\/\/mediationmineau.ca\/fr\/contact\/\" data-type=\"page\" data-id=\"159\">Contactez nous d\u00e8s maintenant pour une consultation gratuite de 45 minutes<\/a><\/p>\n<\/div>\n<\/div>\n\n\n\n\n\n<div style=\"height:39px\" aria-hidden=\"true\" class=\"wp-block-spacer\"><\/div>\n\n\n\n<div class=\"wp-block-group alignwide is-content-justification-space-between is-layout-flex wp-container-core-group-is-layout-c07eba30 wp-block-group-is-layout-flex\" style=\"padding-top:var(--wp--preset--spacing--40)\"><p class=\"wp-block-site-title\"><a href=\"https:\/\/mediationmineau.ca\/fr\" target=\"_self\" rel=\"home\">M\u00e9diation Mineau<\/a><\/p>\n\n\n<p class=\"has-text-align-right\">Montreal, Canada, 2023<\/p>\n<\/div>","protected":false},"excerpt":{"rendered":"<p>Mediation: a crucial dispute resolution tool Conflict is a normal part of life: sometimes we can resolve it on our own, other times we can&#8217;t. Gone awry, it&#8217;s a source of hardship and stress. Litigation can add costs, long delays and the uncertainty of a court decision. Conflict mediation can provide you with a greater [&hellip;]<\/p>\n","protected":false},"author":1,"featured_media":0,"parent":0,"menu_order":0,"comment_status":"closed","ping_status":"closed","template":"","meta":{"footnotes":""},"class_list":["post-107","page","type-page","status-publish","hentry"],"_links":{"self":[{"href":"https:\/\/mediationmineau.ca\/fr\/wp-json\/wp\/v2\/pages\/107","targetHints":{"allow":["GET"]}}],"collection":[{"href":"https:\/\/mediationmineau.ca\/fr\/wp-json\/wp\/v2\/pages"}],"about":[{"href":"https:\/\/mediationmineau.ca\/fr\/wp-json\/wp\/v2\/types\/page"}],"author":[{"embeddable":true,"href":"https:\/\/mediationmineau.ca\/fr\/wp-json\/wp\/v2\/users\/1"}],"replies":[{"embeddable":true,"href":"https:\/\/mediationmineau.ca\/fr\/wp-json\/wp\/v2\/comments?post=107"}],"version-history":[{"count":60,"href":"https:\/\/mediationmineau.ca\/fr\/wp-json\/wp\/v2\/pages\/107\/revisions"}],"predecessor-version":[{"id":320,"href":"https:\/\/mediationmineau.ca\/fr\/wp-json\/wp\/v2\/pages\/107\/revisions\/320"}],"wp:attachment":[{"href":"https:\/\/mediationmineau.ca\/fr\/wp-json\/wp\/v2\/media?parent=107"}],"curies":[{"name":"wp","href":"https:\/\/api.w.org\/{rel}","templated":true}]}}