{"id":27,"date":"2023-01-11T15:27:54","date_gmt":"2023-01-11T15:27:54","guid":{"rendered":"http:\/\/mediationmineau.ca\/?page_id=27"},"modified":"2023-01-26T21:12:37","modified_gmt":"2023-01-26T21:12:37","slug":"facilitation","status":"publish","type":"page","link":"https:\/\/mediationmineau.ca\/fr\/facilitation\/","title":{"rendered":"Facilitation de groupe"},"content":{"rendered":"<div style=\"height:30px\" aria-hidden=\"true\" class=\"wp-block-spacer\"><\/div>\n\n\n\n<p>Vivre et travailler les uns \u00e0 c\u00f4t\u00e9 des autres apporte son lot de d\u00e9fis. Friction ou conflit entre individus. Conflits au sein des groupes, et entre eux. Frictions avec les institutions.<br><br>Toutes ces situations peuvent facilement d\u00e9g\u00e9n\u00e9rer.  <br><br>Ou bien elles peuvent conduire \u00e0 des conversations cibl\u00e9es, dirig\u00e9es par des facilitateurs exp\u00e9riment\u00e9s. Avec des fonctionnements transparents construits autour de qui a son mot \u00e0 dire, et comment cela va compter dans la d\u00e9cision au final. Des activit\u00e9s con\u00e7ues pour cr\u00e9er des liens, faire \u00e9voluer notre compr\u00e9hension ensemble. Trouver de nouvelles solutions qui n'auraient pas \u00e9t\u00e9 possibles sans avoir entendu l'avis de toutes les personnes concern\u00e9es.<br><br>Si vous \u00eates confront\u00e9 \u00e0 une situation, un groupe ou un conflit pour lequel vous pensez avoir besoin du soutien d'un facilitateur exp\u00e9riment\u00e9, accr\u00e9dit\u00e9 et neutre, <a href=\"https:\/\/mediationmineau.ca\/fr\/contact\/\" data-type=\"page\" data-id=\"159\">contactez-nous d\u00e8s maintenant pour une \u00e9valuation gratuite de 45 minutes!<\/a>!<\/p>\n\n\n\n<div style=\"height:27px\" aria-hidden=\"true\" class=\"wp-block-spacer\"><\/div>","protected":false},"excerpt":{"rendered":"<p>Living and working alongside each other brings its share of challenges. Friction or conflict between individuals. Conflicts within groups, and between them. Friction with institutions. All of these situations can devolve into acrimony. Or they can lead to large and long conversations, steered by experienced facilitators. With transparent frameworks built around who gets a say, [&hellip;]<\/p>\n","protected":false},"author":1,"featured_media":0,"parent":0,"menu_order":3,"comment_status":"closed","ping_status":"closed","template":"","meta":{"footnotes":""},"class_list":["post-27","page","type-page","status-publish","hentry"],"_links":{"self":[{"href":"https:\/\/mediationmineau.ca\/fr\/wp-json\/wp\/v2\/pages\/27","targetHints":{"allow":["GET"]}}],"collection":[{"href":"https:\/\/mediationmineau.ca\/fr\/wp-json\/wp\/v2\/pages"}],"about":[{"href":"https:\/\/mediationmineau.ca\/fr\/wp-json\/wp\/v2\/types\/page"}],"author":[{"embeddable":true,"href":"https:\/\/mediationmineau.ca\/fr\/wp-json\/wp\/v2\/users\/1"}],"replies":[{"embeddable":true,"href":"https:\/\/mediationmineau.ca\/fr\/wp-json\/wp\/v2\/comments?post=27"}],"version-history":[{"count":6,"href":"https:\/\/mediationmineau.ca\/fr\/wp-json\/wp\/v2\/pages\/27\/revisions"}],"predecessor-version":[{"id":251,"href":"https:\/\/mediationmineau.ca\/fr\/wp-json\/wp\/v2\/pages\/27\/revisions\/251"}],"wp:attachment":[{"href":"https:\/\/mediationmineau.ca\/fr\/wp-json\/wp\/v2\/media?parent=27"}],"curies":[{"name":"wp","href":"https:\/\/api.w.org\/{rel}","templated":true}]}}