{"id":29,"date":"2023-01-11T15:28:33","date_gmt":"2023-01-11T15:28:33","guid":{"rendered":"http:\/\/mediationmineau.ca\/?page_id=29"},"modified":"2023-01-26T21:13:22","modified_gmt":"2023-01-26T21:13:22","slug":"training","status":"publish","type":"page","link":"https:\/\/mediationmineau.ca\/fr\/training\/","title":{"rendered":"Formations et coaching"},"content":{"rendered":"<div style=\"height:25px\" aria-hidden=\"true\" class=\"wp-block-spacer\"><\/div>\n\n\n\n<p>M\u00e9diation Mineau propose des formations la th\u00e9orie et la pratique de la gestion des conflits et de la communication, bas\u00e9s sur des pratiques \u00e9tablies ainsi que sur des recherches r\u00e9centes sur la communication, la cognition et l'apprentissage. <br><br>Ces formations visent \u00e0 poser les bases de la compr\u00e9hension de votre situation, puis \u00e0 vous pr\u00e9parer \u00e0 mener des conversations difficiles, notamment en travaillant sur vos comp\u00e9tences cl\u00e9s pour une communication efficace, l'\u00e9coute active, le questionnement et l'acquisition de nouvelles connaissances. <br><br><a href=\"https:\/\/mediationmineau.ca\/fr\/contact\/\" data-type=\"page\" data-id=\"159\">Contactez-nous<\/a> pour nous faire part de vos besoins en mati\u00e8re de formation, y compris l'accompagnement individuel en cas de conflit.  <\/p>\n\n\n\n<div style=\"height:45px\" aria-hidden=\"true\" class=\"wp-block-spacer\"><\/div>","protected":false},"excerpt":{"rendered":"<p>Mediation Mineau offers seminars and courses in conflict and communication theory and practice, based on established practice as well as recent research on communication, cognition and learning. This training is focused on laying the groundwork to understanding your situation, and then prepares you for engaging in difficult conversations, including working on key skills for effective [&hellip;]<\/p>\n","protected":false},"author":1,"featured_media":0,"parent":0,"menu_order":4,"comment_status":"closed","ping_status":"closed","template":"","meta":{"footnotes":""},"class_list":["post-29","page","type-page","status-publish","hentry"],"_links":{"self":[{"href":"https:\/\/mediationmineau.ca\/fr\/wp-json\/wp\/v2\/pages\/29","targetHints":{"allow":["GET"]}}],"collection":[{"href":"https:\/\/mediationmineau.ca\/fr\/wp-json\/wp\/v2\/pages"}],"about":[{"href":"https:\/\/mediationmineau.ca\/fr\/wp-json\/wp\/v2\/types\/page"}],"author":[{"embeddable":true,"href":"https:\/\/mediationmineau.ca\/fr\/wp-json\/wp\/v2\/users\/1"}],"replies":[{"embeddable":true,"href":"https:\/\/mediationmineau.ca\/fr\/wp-json\/wp\/v2\/comments?post=29"}],"version-history":[{"count":6,"href":"https:\/\/mediationmineau.ca\/fr\/wp-json\/wp\/v2\/pages\/29\/revisions"}],"predecessor-version":[{"id":252,"href":"https:\/\/mediationmineau.ca\/fr\/wp-json\/wp\/v2\/pages\/29\/revisions\/252"}],"wp:attachment":[{"href":"https:\/\/mediationmineau.ca\/fr\/wp-json\/wp\/v2\/media?parent=29"}],"curies":[{"name":"wp","href":"https:\/\/api.w.org\/{rel}","templated":true}]}}